{"id":4756,"date":"2023-07-29T19:07:20","date_gmt":"2023-07-29T17:07:20","guid":{"rendered":"https:\/\/www.andbankassegurances.com\/servicios\/residencia-sense-treball\/"},"modified":"2023-07-29T19:12:49","modified_gmt":"2023-07-29T17:12:49","slug":"residencia-sin-trabajo","status":"publish","type":"page","link":"https:\/\/www.andbankassegurances.com\/es\/servicios\/residencia-sin-trabajo\/","title":{"rendered":"Residencia sin trabajo"},"content":{"rendered":"<p>Otorga el derecho a residir de manera efectiva a andorra sin necesidad de ejercer ninguna actividad. Este permiso de residencia sin trabajo es puede obtener de tres maneras diferentes:<\/p>\n<ul>\n<li>Residencia sin actividad lucrativa<\/li>\n<li>Residencia para profesionales con proyecci\u00f3n internacional<\/li>\n<li>Residencia por razones de inter\u00e9s cient\u00edfico, cultural y deportivo<\/li>\n<\/ul>\n<p>Para poder obtener este tipo de residencia es necesario justificar y tener en vigencia para Andorra <strong>una cobertura y un seguro por enfermedad, incapacidad y vejez<\/strong> para la persona solicitante y para las personas a su cargo, o a cargo de su c\u00f3nyuge o a la pareja estable.<\/p>\n","protected":false},"excerpt":{"rendered":"<p>Otorga el derecho a residir de manera efectiva a andorra sin necesidad de ejercer ninguna actividad. Este permiso de residencia sin trabajo es puede obtener de tres maneras diferentes: Residencia sin actividad lucrativa Residencia para profesionales con proyecci\u00f3n internacional Residencia por razones de inter\u00e9s cient\u00edfico, cultural y deportivo Para poder obtener este tipo de residencia [&hellip;]<\/p>\n","protected":false},"author":2,"featured_media":3811,"parent":3909,"menu_order":0,"comment_status":"closed","ping_status":"closed","template":"template-detail.php","meta":{"_acf_changed":false,"footnotes":""},"yst_prominent_words":[],"acf":[],"_links":{"self":[{"href":"https:\/\/www.andbankassegurances.com\/es\/wp-json\/wp\/v2\/pages\/4756"}],"collection":[{"href":"https:\/\/www.andbankassegurances.com\/es\/wp-json\/wp\/v2\/pages"}],"about":[{"href":"https:\/\/www.andbankassegurances.com\/es\/wp-json\/wp\/v2\/types\/page"}],"author":[{"embeddable":true,"href":"https:\/\/www.andbankassegurances.com\/es\/wp-json\/wp\/v2\/users\/2"}],"replies":[{"embeddable":true,"href":"https:\/\/www.andbankassegurances.com\/es\/wp-json\/wp\/v2\/comments?post=4756"}],"version-history":[{"count":0,"href":"https:\/\/www.andbankassegurances.com\/es\/wp-json\/wp\/v2\/pages\/4756\/revisions"}],"up":[{"embeddable":true,"href":"https:\/\/www.andbankassegurances.com\/es\/wp-json\/wp\/v2\/pages\/3909"}],"wp:featuredmedia":[{"embeddable":true,"href":"https:\/\/www.andbankassegurances.com\/es\/wp-json\/wp\/v2\/media\/3811"}],"wp:attachment":[{"href":"https:\/\/www.andbankassegurances.com\/es\/wp-json\/wp\/v2\/media?parent=4756"}],"wp:term":[{"taxonomy":"yst_prominent_words","embeddable":true,"href":"https:\/\/www.andbankassegurances.com\/es\/wp-json\/wp\/v2\/yst_prominent_words?post=4756"}],"curies":[{"name":"wp","href":"https:\/\/api.w.org\/{rel}","templated":true}]}}