{"id":3911,"date":"2023-01-29T13:15:29","date_gmt":"2023-01-29T12:15:29","guid":{"rendered":"https:\/\/www.andbankassegurances.com\/servicios\/plans-de-pensions\/"},"modified":"2023-07-29T19:38:11","modified_gmt":"2023-07-29T17:38:11","slug":"planes-de-pensiones","status":"publish","type":"page","link":"https:\/\/www.andbankassegurances.com\/es\/servicios\/planes-de-pensiones\/","title":{"rendered":"Planes de Pensiones"},"content":{"rendered":"<p>El plan de Pensiones Individual es un producto financiero en formato de seguro creado con el objetivo de proporcionar una pensi\u00f3n complementaria para tu jubilaci\u00f3n.<\/p>\n<h2>Ventajas fiscales<\/h2>\n<ul>\n<li>Hasta 500 \u20ac anuales de deducci\u00f3n en la declaraci\u00f3n del IRPF.<\/li>\n<li>Exenci\u00f3n de los primeros 24.000 \u20ac en el momento del rescate, los cuales, sumados a la renta que est\u00e9 obteniendo en aquel momento, tributar\u00e1n como renta de trabajo.<\/li>\n<\/ul>\n<h2>Flexibilidad en las aportaciones<\/h2>\n<ul>\n<li>Un plan que se adapta a las necesidades de cada momento de tu vida.<\/li>\n<li>Podr\u00e1s aportar la cantidad que desees en el plan, sin necesidad de aportar una cantidad m\u00ednima.<\/li>\n<\/ul>\n","protected":false},"excerpt":{"rendered":"<p>El plan de Pensiones Individual es un producto financiero en formato de seguro creado con el objetivo de proporcionar una pensi\u00f3n complementaria para tu jubilaci\u00f3n. Ventajas fiscales Hasta 500 \u20ac anuales de deducci\u00f3n en la declaraci\u00f3n del IRPF. Exenci\u00f3n de los primeros 24.000 \u20ac en el momento del rescate, los cuales, sumados a la renta [&hellip;]<\/p>\n","protected":false},"author":2,"featured_media":3797,"parent":3909,"menu_order":0,"comment_status":"closed","ping_status":"closed","template":"template-detail.php","meta":{"_acf_changed":false,"footnotes":""},"yst_prominent_words":[],"acf":[],"_links":{"self":[{"href":"https:\/\/www.andbankassegurances.com\/es\/wp-json\/wp\/v2\/pages\/3911"}],"collection":[{"href":"https:\/\/www.andbankassegurances.com\/es\/wp-json\/wp\/v2\/pages"}],"about":[{"href":"https:\/\/www.andbankassegurances.com\/es\/wp-json\/wp\/v2\/types\/page"}],"author":[{"embeddable":true,"href":"https:\/\/www.andbankassegurances.com\/es\/wp-json\/wp\/v2\/users\/2"}],"replies":[{"embeddable":true,"href":"https:\/\/www.andbankassegurances.com\/es\/wp-json\/wp\/v2\/comments?post=3911"}],"version-history":[{"count":0,"href":"https:\/\/www.andbankassegurances.com\/es\/wp-json\/wp\/v2\/pages\/3911\/revisions"}],"up":[{"embeddable":true,"href":"https:\/\/www.andbankassegurances.com\/es\/wp-json\/wp\/v2\/pages\/3909"}],"wp:featuredmedia":[{"embeddable":true,"href":"https:\/\/www.andbankassegurances.com\/es\/wp-json\/wp\/v2\/media\/3797"}],"wp:attachment":[{"href":"https:\/\/www.andbankassegurances.com\/es\/wp-json\/wp\/v2\/media?parent=3911"}],"wp:term":[{"taxonomy":"yst_prominent_words","embeddable":true,"href":"https:\/\/www.andbankassegurances.com\/es\/wp-json\/wp\/v2\/yst_prominent_words?post=3911"}],"curies":[{"name":"wp","href":"https:\/\/api.w.org\/{rel}","templated":true}]}}