{"id":3902,"date":"2023-01-29T13:11:01","date_gmt":"2023-01-29T12:11:01","guid":{"rendered":"https:\/\/www.andbankassegurances.com\/que-necesitas\/assegurances-de-salut\/"},"modified":"2023-07-29T19:31:36","modified_gmt":"2023-07-29T17:31:36","slug":"seguros-de-salud","status":"publish","type":"page","link":"https:\/\/www.andbankassegurances.com\/es\/que-necesitas\/seguros-de-salud\/","title":{"rendered":"Seguros de Salud"},"content":{"rendered":"<h2>Asistencia Sanitaria AndSalut<\/h2>\n<p>&nbsp;<br \/>\nAndbank Assegurances crea una cobertura vitalicia de asistencia sanitaria como complemento a AndVida con el objetivo de ofrecer un seguro de salud adaptado a sus necesidades y que responda a la realidad sanitaria.<br \/>\n&nbsp;<\/p>\n<h2> Andbank Assegurances ofrece tres modalidades de AndSalut<\/h2>\n<p>&nbsp;<\/p>\n<ul>\n<li><strong>AndSalut<\/strong>: Tendr\u00e1s cubiertas las p\u00e9rdidas de todos los actos concertados (gastos gr\u00e1ficos, farmac\u00e9uticas, hospitalarias\u2026) hasta el 100% de las tarifas de responsabilidades de la CASS. Por actos no concretados con la CASS, tendr\u00e1s cubierto hasta el 45% de las tarifas de responsabilidades de la CASS.<\/li>\n<li><strong>AndSalut \u00d2ptima<\/strong>: Es la modalidad de seguros de salud que adem\u00e1s de las coberturas de AndSalut, cubre actos no incluidos por la CASS, como las pr\u00f3tesis dentales, \u00f3ptica o sesiones de quiropr\u00e1ctica y osteopat\u00eda.<\/li>\n<li><strong>AndSalut Plus<\/strong>: Es la modalidad mas completa de seguros de salud que aporta una cobertura de hasta el 100% de los gastos reales que no cubre la CASS, con total libertad de escoger el m\u00e9dico o el hospital deseados, sin l\u00edmite geogr\u00e1fico o especialidad. Cubre actos no incluidos por la CASS, como las pr\u00f3tesis dentales, \u00f3ptica o sesiones de quiropr\u00e1ctica y osteopat\u00eda, entre otros. Las prestaciones y\/o indemnizaciones por anualidad y beneficiarios pueden llegar hasta al mill\u00f3n de euros.<\/li>\n<\/ul>\n<p>&nbsp;<br \/>\nCon nuevas prestaciones y las mejores condiciones para que no tenga ninguna duda en contratarlas.<br \/>\n&nbsp;<br \/>\nCon <strong>AndSalut<\/strong> endr\u00e1 cobertura en especialidades como:<br \/>\n&nbsp;<\/p>\n<ul>\n<li>Fisioterapia<\/li>\n<li>Ortofonistas \/ Ortr\u00f3picos\/ Podolog\u00eda<\/li>\n<li>Homeopatia<\/li>\n<li>Acupuntura<\/li>\n<li>Ortopedia<\/li>\n<li>Y muchas otras<\/li>\n<\/ul>\n","protected":false},"excerpt":{"rendered":"<p>Asistencia Sanitaria AndSalut &nbsp; Andbank Assegurances crea una cobertura vitalicia de asistencia sanitaria como complemento a AndVida con el objetivo de ofrecer un seguro de salud adaptado a sus necesidades y que responda a la realidad sanitaria. &nbsp; Andbank Assegurances ofrece tres modalidades de AndSalut &nbsp; AndSalut: Tendr\u00e1s cubiertas las p\u00e9rdidas de todos los actos [&hellip;]<\/p>\n","protected":false},"author":2,"featured_media":3782,"parent":3694,"menu_order":0,"comment_status":"closed","ping_status":"closed","template":"template-detail.php","meta":{"_acf_changed":false,"footnotes":""},"yst_prominent_words":[],"acf":[],"_links":{"self":[{"href":"https:\/\/www.andbankassegurances.com\/es\/wp-json\/wp\/v2\/pages\/3902"}],"collection":[{"href":"https:\/\/www.andbankassegurances.com\/es\/wp-json\/wp\/v2\/pages"}],"about":[{"href":"https:\/\/www.andbankassegurances.com\/es\/wp-json\/wp\/v2\/types\/page"}],"author":[{"embeddable":true,"href":"https:\/\/www.andbankassegurances.com\/es\/wp-json\/wp\/v2\/users\/2"}],"replies":[{"embeddable":true,"href":"https:\/\/www.andbankassegurances.com\/es\/wp-json\/wp\/v2\/comments?post=3902"}],"version-history":[{"count":0,"href":"https:\/\/www.andbankassegurances.com\/es\/wp-json\/wp\/v2\/pages\/3902\/revisions"}],"up":[{"embeddable":true,"href":"https:\/\/www.andbankassegurances.com\/es\/wp-json\/wp\/v2\/pages\/3694"}],"wp:featuredmedia":[{"embeddable":true,"href":"https:\/\/www.andbankassegurances.com\/es\/wp-json\/wp\/v2\/media\/3782"}],"wp:attachment":[{"href":"https:\/\/www.andbankassegurances.com\/es\/wp-json\/wp\/v2\/media?parent=3902"}],"wp:term":[{"taxonomy":"yst_prominent_words","embeddable":true,"href":"https:\/\/www.andbankassegurances.com\/es\/wp-json\/wp\/v2\/yst_prominent_words?post=3902"}],"curies":[{"name":"wp","href":"https:\/\/api.w.org\/{rel}","templated":true}]}}