{"id":3892,"date":"2023-01-29T13:08:05","date_gmt":"2023-01-29T12:08:05","guid":{"rendered":"https:\/\/www.andbankassegurances.com\/que-necesitas\/asseguranca-de-vida\/"},"modified":"2023-02-04T18:17:44","modified_gmt":"2023-02-04T17:17:44","slug":"seguro-de-vida","status":"publish","type":"page","link":"https:\/\/www.andbankassegurances.com\/es\/que-necesitas\/seguro-de-vida\/","title":{"rendered":"Seguro de Vida"},"content":{"rendered":"<h2> AndVida le propone una amplia cobertura:<\/h2>\n<ul>\n<li>Cobertura por defunci\u00f3n.<\/li>\n<li>Cobertura por invalidez absoluta y permanente.<\/li>\n<li>Muerte por accidente.<\/li>\n<li>Invalidez absoluta y permanente por accidente.<\/li>\n<li>Muerte por accidente de circulaci\u00f3n.<\/li>\n<li>Invalidez absoluta y permanente por accidente de circulaci\u00f3n.<\/li>\n<li>Enfermedades graves.<\/li>\n<\/ul>\n<h2>Flexibilidad en el formato de la p\u00f3liza.<\/h2>\n<ul>\n<li>Con una \u00fanica p\u00f3liza tiene la posibilidad de asignar diferentes beneficiarios que recibir\u00e1n un capital complementario a las prestaciones sociales.<\/li>\n<li>La elecci\u00f3n de los beneficiarios es libre, por lo que permite repartir el capital de forma diferente a lo establecido en la ley.<\/li>\n<li>En los casos de p\u00f3lizas vinculadas con pr\u00e9stamos al consumo o hipotecarios, existe la posibilidad de ampliar el capital asegurado respecto al importe pendiente de amortizar. De esta manera, una vez que el banco liquide la deuda pendiente, su entorno m\u00e1s cercano se beneficiar\u00e1 del capital restante.<\/li>\n<\/ul>\n<h2>Coberturas que se adaptan a diferentes situaciones.<\/h2>\n<ul>\n<li>Joven sin hijos.<\/li>\n<li>Con hijos menores.<\/li>\n<li>Sin hijos.<\/li>\n<\/ul>\n<p><strong>AndVida propone flexibilidad en su modalidad de pago. El asegurado podr\u00e1 elegir el fraccionamiento del pago de la p\u00f3liza: anual, semestral, trimestral o mensual.<\/strong><\/p>\n<p>Consulte con su gestor o con Andbank Assegurances, tel. +376 881 965, cualquier duda o informaci\u00f3n que necesite.<\/p>\n","protected":false},"excerpt":{"rendered":"<p>AndVida le propone una amplia cobertura: Cobertura por defunci\u00f3n. Cobertura por invalidez absoluta y permanente. Muerte por accidente. Invalidez absoluta y permanente por accidente. Muerte por accidente de circulaci\u00f3n. Invalidez absoluta y permanente por accidente de circulaci\u00f3n. Enfermedades graves. Flexibilidad en el formato de la p\u00f3liza. Con una \u00fanica p\u00f3liza tiene la posibilidad de asignar [&hellip;]<\/p>\n","protected":false},"author":2,"featured_media":3790,"parent":3694,"menu_order":0,"comment_status":"closed","ping_status":"closed","template":"template-detail.php","meta":{"_acf_changed":false,"footnotes":""},"yst_prominent_words":[],"acf":[],"_links":{"self":[{"href":"https:\/\/www.andbankassegurances.com\/es\/wp-json\/wp\/v2\/pages\/3892"}],"collection":[{"href":"https:\/\/www.andbankassegurances.com\/es\/wp-json\/wp\/v2\/pages"}],"about":[{"href":"https:\/\/www.andbankassegurances.com\/es\/wp-json\/wp\/v2\/types\/page"}],"author":[{"embeddable":true,"href":"https:\/\/www.andbankassegurances.com\/es\/wp-json\/wp\/v2\/users\/2"}],"replies":[{"embeddable":true,"href":"https:\/\/www.andbankassegurances.com\/es\/wp-json\/wp\/v2\/comments?post=3892"}],"version-history":[{"count":0,"href":"https:\/\/www.andbankassegurances.com\/es\/wp-json\/wp\/v2\/pages\/3892\/revisions"}],"up":[{"embeddable":true,"href":"https:\/\/www.andbankassegurances.com\/es\/wp-json\/wp\/v2\/pages\/3694"}],"wp:featuredmedia":[{"embeddable":true,"href":"https:\/\/www.andbankassegurances.com\/es\/wp-json\/wp\/v2\/media\/3790"}],"wp:attachment":[{"href":"https:\/\/www.andbankassegurances.com\/es\/wp-json\/wp\/v2\/media?parent=3892"}],"wp:term":[{"taxonomy":"yst_prominent_words","embeddable":true,"href":"https:\/\/www.andbankassegurances.com\/es\/wp-json\/wp\/v2\/yst_prominent_words?post=3892"}],"curies":[{"name":"wp","href":"https:\/\/api.w.org\/{rel}","templated":true}]}}